{"id":1066,"date":"2023-10-23T13:48:37","date_gmt":"2023-10-23T11:48:37","guid":{"rendered":"https:\/\/facegroovin.com\/?page_id=1066"},"modified":"2024-01-15T13:21:34","modified_gmt":"2024-01-15T12:21:34","slug":"szkolenia-zapis-na-fg-kobido","status":"publish","type":"page","link":"https:\/\/facegroovin.com\/en\/opis-szkolenia-fg-kobido\/szkolenia-zapis-na-fg-kobido\/","title":{"rendered":"Szkolenia &#8211; zapis na Fg&#8217; Kobido"},"content":{"rendered":"<div data-elementor-type=\"wp-page\" data-elementor-id=\"1066\" class=\"elementor elementor-1066\">\n\t\t\t\t\t\t<section class=\"elementor-section elementor-top-section elementor-element elementor-element-053ab11 elementor-section-boxed elementor-section-height-default elementor-section-height-default\" data-id=\"053ab11\" data-element_type=\"section\" data-settings=\"{&quot;background_background&quot;:&quot;classic&quot;}\">\n\t\t\t\t\t\t<div class=\"elementor-container elementor-column-gap-default\">\n\t\t\t\t\t<div class=\"elementor-column elementor-col-50 elementor-top-column elementor-element elementor-element-116ec32\" data-id=\"116ec32\" data-element_type=\"column\">\n\t\t\t<div class=\"elementor-widget-wrap elementor-element-populated\">\n\t\t\t\t\t\t<div class=\"elementor-element elementor-element-482cccd elementor-widget elementor-widget-heading\" data-id=\"482cccd\" data-element_type=\"widget\" data-widget_type=\"heading.default\">\n\t\t\t\t<div class=\"elementor-widget-container\">\n\t\t\t<h2 class=\"elementor-heading-title elementor-size-default\">Zapisz si\u0119 na szkolenie Fg' Workout<\/h2>\t\t<\/div>\n\t\t\t\t<\/div>\n\t\t\t\t\t<\/div>\n\t\t<\/div>\n\t\t\t\t<div class=\"elementor-column elementor-col-50 elementor-top-column elementor-element elementor-element-809affc\" data-id=\"809affc\" data-element_type=\"column\">\n\t\t\t<div class=\"elementor-widget-wrap elementor-element-populated\">\n\t\t\t\t\t\t<div class=\"elementor-element elementor-element-f92fda3 elementor-button-align-stretch elementor-widget elementor-widget-form\" data-id=\"f92fda3\" data-element_type=\"widget\" data-settings=\"{&quot;step_next_label&quot;:&quot;Next&quot;,&quot;step_previous_label&quot;:&quot;Previous&quot;,&quot;button_width&quot;:&quot;100&quot;,&quot;step_type&quot;:&quot;number_text&quot;,&quot;step_icon_shape&quot;:&quot;circle&quot;}\" data-widget_type=\"form.default\">\n\t\t\t\t<div class=\"elementor-widget-container\">\n\t\t\t\t\t<form class=\"elementor-form\" method=\"post\" action=\"\" >\n\t\t\t<input type=\"hidden\" name=\"post_id\" value=\"1066\"\/>\n\t\t\t<input type=\"hidden\" name=\"form_id\" value=\"f92fda3\"\/>\n\t\t\t<input type=\"hidden\" name=\"referer_title\" value=\"Facegroovin&#039; &#8211; aplikacja do \u0107wicze\u0144 twarzy i cia\u0142a\" \/>\n\n\t\t\t\n\t\t\t<div class=\"elementor-form-fields-wrapper elementor-labels-above\">\n\t\t\t\t\t\t\t\t<div class=\"elementor-field-type-text elementor-field-group elementor-column elementor-field-group-name elementor-col-100 elementor-field-required\">\n\t\t\t\t\t\t\t\t\t\t\t\t<label for=\"form-field-name\" class=\"elementor-field-label\">\n\t\t\t\t\t\t\t\tImi\u0119 i nazwisko\t\t\t\t\t\t\t<\/label>\n\t\t\t\t\t\t\t\t\t\t\t\t\t\t<input size=\"1\" type=\"text\" name=\"form_fields[name]\" id=\"form-field-name\" class=\"elementor-field elementor-size-md  elementor-field-textual\" placeholder=\"Imi\u0119 i nazwisko\" required=\"required\" aria-required=\"true\">\n\t\t\t\t\t\t\t\t\t\t\t<\/div>\n\t\t\t\t\t\t\t\t<div class=\"elementor-field-type-email elementor-field-group elementor-column elementor-field-group-email elementor-col-50 elementor-field-required\">\n\t\t\t\t\t\t\t\t\t\t\t\t<label for=\"form-field-email\" class=\"elementor-field-label\">\n\t\t\t\t\t\t\t\tEmail\t\t\t\t\t\t\t<\/label>\n\t\t\t\t\t\t\t\t\t\t\t\t\t\t<input size=\"1\" type=\"email\" name=\"form_fields[email]\" id=\"form-field-email\" class=\"elementor-field elementor-size-md  elementor-field-textual\" placeholder=\"Email\" required=\"required\" aria-required=\"true\">\n\t\t\t\t\t\t\t\t\t\t\t<\/div>\n\t\t\t\t\t\t\t\t<div class=\"elementor-field-type-tel elementor-field-group elementor-column elementor-field-group-field_850c483 elementor-col-50 elementor-field-required\">\n\t\t\t\t\t\t\t\t\t\t\t\t<label for=\"form-field-field_850c483\" class=\"elementor-field-label\">\n\t\t\t\t\t\t\t\tTelefon\t\t\t\t\t\t\t<\/label>\n\t\t\t\t\t\t\t\t<input size=\"1\" type=\"tel\" name=\"form_fields[field_850c483]\" id=\"form-field-field_850c483\" class=\"elementor-field elementor-size-md  elementor-field-textual\" placeholder=\"Telefon\" required=\"required\" aria-required=\"true\" pattern=\"[0-9()#&amp;+*-=.]+\" title=\"Only numbers and phone characters (#, -, *, etc) are accepted.\">\n\n\t\t\t\t\t\t<\/div>\n\t\t\t\t\t\t\t\t<div class=\"elementor-field-type-select elementor-field-group elementor-column elementor-field-group-field_be55f5e elementor-col-100 elementor-field-required\">\n\t\t\t\t\t\t\t\t\t\t\t\t<label for=\"form-field-field_be55f5e\" class=\"elementor-field-label\">\n\t\t\t\t\t\t\t\tWybierz termin\t\t\t\t\t\t\t<\/label>\n\t\t\t\t\t\t\t\t<div class=\"elementor-field elementor-select-wrapper remove-before\">\n\t\t\t<div class=\"select-caret-down-wrapper\">\n\t\t\t\t<i aria-hidden=\"true\" class=\"eicon-caret-down\"><\/i>\t\t\t<\/div>\n\t\t\t<select name=\"form_fields[field_be55f5e]\" id=\"form-field-field_be55f5e\" class=\"elementor-field-textual elementor-size-md\" required=\"required\" aria-required=\"true\">\n\t\t\t\t\t\t\t\t\t<option value=\"20-21.04.2024\">20-21.04.2024<\/option>\n\t\t\t\t\t\t\t\t\t<option value=\"8-9.06.2024\">8-9.06.2024<\/option>\n\t\t\t\t\t\t\t<\/select>\n\t\t<\/div>\n\t\t\t\t\t\t<\/div>\n\t\t\t\t\t\t\t\t<div class=\"elementor-field-type-textarea elementor-field-group elementor-column elementor-field-group-field_9b128bf elementor-col-100\">\n\t\t\t\t\t\t\t\t\t\t\t\t<label for=\"form-field-field_9b128bf\" class=\"elementor-field-label\">\n\t\t\t\t\t\t\t\tWiadomo\u015b\u0107 do nas\t\t\t\t\t\t\t<\/label>\n\t\t\t\t\t\t<textarea class=\"elementor-field-textual elementor-field  elementor-size-md\" name=\"form_fields[field_9b128bf]\" id=\"form-field-field_9b128bf\" rows=\"4\" placeholder=\"Napisz swoje uwagi lub pytania do szkolenia\"><\/textarea>\t\t\t\t<\/div>\n\t\t\t\t\t\t\t\t<div class=\"elementor-field-type-checkbox elementor-field-group elementor-column elementor-field-group-field_65c5379 elementor-col-100\">\n\t\t\t\t\t<div class=\"elementor-field-subgroup  elementor-subgroup-inline\"><span class=\"elementor-field-option\"><input type=\"checkbox\" value=\"Akceptuj\u0119 &lt;a href=&quot;https:\/\/facegroovin.com\/polityka-prywatnosci-facegroovin\/&quot;&gt;polityke prywatno\u015bci &lt;\/a&gt; Facegroovin.com\" id=\"form-field-field_65c5379-0\" name=\"form_fields[field_65c5379]\"> <label for=\"form-field-field_65c5379-0\">Akceptuj\u0119 <a href=\"https:\/\/facegroovin.com\/en\/polityka-prywatnosci-facegroovin\/\">polityke prywatno\u015bci <\/a> Facegroovin.com<\/label><\/span><\/div>\t\t\t\t<\/div>\n\t\t\t\t\t\t\t\t<div class=\"elementor-field-group elementor-column elementor-field-type-submit elementor-col-100 e-form__buttons\">\n\t\t\t\t\t<button type=\"submit\" class=\"elementor-button elementor-size-sm\">\n\t\t\t\t\t\t<span >\n\t\t\t\t\t\t\t\t\t\t\t\t\t\t\t<span class=\"elementor-button-icon\">\n\t\t\t\t\t\t\t\t\t\t\t\t\t\t\t\t\t\t\t\t\t\t\t\t\t\t<\/span>\n\t\t\t\t\t\t\t\t\t\t\t\t\t\t\t\t\t\t\t\t\t\t<span class=\"elementor-button-text\">Wy\u015blij zg\u0142oszenie!<\/span>\n\t\t\t\t\t\t\t\t\t\t\t\t\t<\/span>\n\t\t\t\t\t<\/button>\n\t\t\t\t<\/div>\n\t\t\t<\/div>\n\t\t<input type=\"hidden\" name=\"trp-form-language\" value=\"en\"\/><\/form>\n\t\t\t\t<\/div>\n\t\t\t\t<\/div>\n\t\t\t\t\t<\/div>\n\t\t<\/div>\n\t\t\t\t\t<\/div>\n\t\t<\/section>\n\t\t\t\t<\/div>","protected":false},"excerpt":{"rendered":"<p>Zapisz si\u0119 na szkolenie Fg&#8217; Workout<\/p>","protected":false},"author":1,"featured_media":0,"parent":1113,"menu_order":0,"comment_status":"closed","ping_status":"closed","template":"","meta":{"inline_featured_image":false,"footnotes":""},"class_list":["post-1066","page","type-page","status-publish","hentry"],"yoast_head":"<!-- This site is optimized with the Yoast SEO plugin v23.5 - https:\/\/yoast.com\/wordpress\/plugins\/seo\/ -->\n<title>Szkolenia - zapis na Fg&#039; Kobido - Facegroovin&#039; - aplikacja do \u0107wicze\u0144 twarzy i cia\u0142a<\/title>\n<meta name=\"robots\" content=\"noindex, follow, max-snippet:-1, max-image-preview:large, max-video-preview:-1\" \/>\n<meta property=\"og:locale\" content=\"en_US\" \/>\n<meta property=\"og:type\" content=\"article\" \/>\n<meta property=\"og:title\" content=\"Szkolenia - zapis na Fg&#039; Kobido - Facegroovin&#039; - aplikacja do \u0107wicze\u0144 twarzy i cia\u0142a\" \/>\n<meta property=\"og:description\" content=\"Zapisz si\u0119 na szkolenie Fg&#8217; Workout\" \/>\n<meta property=\"og:url\" content=\"https:\/\/facegroovin.com\/en\/opis-szkolenia-fg-kobido\/szkolenia-zapis-na-fg-kobido\/\" \/>\n<meta property=\"og:site_name\" content=\"Facegroovin&#039; - aplikacja do \u0107wicze\u0144 twarzy i cia\u0142a\" \/>\n<meta property=\"article:publisher\" content=\"https:\/\/www.facebook.com\/facegroovin\" \/>\n<meta property=\"article:modified_time\" content=\"2024-01-15T12:21:34+00:00\" \/>\n<meta name=\"twitter:card\" content=\"summary_large_image\" \/>\n<meta name=\"twitter:label1\" content=\"Est. reading time\" \/>\n\t<meta name=\"twitter:data1\" content=\"1 minute\" \/>\n<script type=\"application\/ld+json\" class=\"yoast-schema-graph\">{\"@context\":\"https:\/\/schema.org\",\"@graph\":[{\"@type\":\"WebPage\",\"@id\":\"https:\/\/facegroovin.com\/opis-szkolenia-fg-kobido\/szkolenia-zapis-na-fg-kobido\/\",\"url\":\"https:\/\/facegroovin.com\/opis-szkolenia-fg-kobido\/szkolenia-zapis-na-fg-kobido\/\",\"name\":\"Szkolenia - zapis na Fg' Kobido - Facegroovin&#039; - aplikacja do \u0107wicze\u0144 twarzy i cia\u0142a\",\"isPartOf\":{\"@id\":\"https:\/\/facegroovin.com\/#website\"},\"datePublished\":\"2023-10-23T11:48:37+00:00\",\"dateModified\":\"2024-01-15T12:21:34+00:00\",\"breadcrumb\":{\"@id\":\"https:\/\/facegroovin.com\/opis-szkolenia-fg-kobido\/szkolenia-zapis-na-fg-kobido\/#breadcrumb\"},\"inLanguage\":\"en-US\",\"potentialAction\":[{\"@type\":\"ReadAction\",\"target\":[\"https:\/\/facegroovin.com\/opis-szkolenia-fg-kobido\/szkolenia-zapis-na-fg-kobido\/\"]}]},{\"@type\":\"BreadcrumbList\",\"@id\":\"https:\/\/facegroovin.com\/opis-szkolenia-fg-kobido\/szkolenia-zapis-na-fg-kobido\/#breadcrumb\",\"itemListElement\":[{\"@type\":\"ListItem\",\"position\":1,\"name\":\"Strona g\u0142\u00f3wna\",\"item\":\"https:\/\/facegroovin.com\/\"},{\"@type\":\"ListItem\",\"position\":2,\"name\":\"Opis szkolenia Fg&#8217; Kobido\",\"item\":\"https:\/\/facegroovin.com\/?page_id=1113\"},{\"@type\":\"ListItem\",\"position\":3,\"name\":\"Szkolenia &#8211; zapis na Fg&#8217; Kobido\"}]},{\"@type\":\"WebSite\",\"@id\":\"https:\/\/facegroovin.com\/#website\",\"url\":\"https:\/\/facegroovin.com\/\",\"name\":\"Facegroovin' - najpi\u0119kniejsza muzyczna aplikacja do \u0107wicze\u0144, masa\u017cu twarzy i cia\u0142a.\",\"description\":\"\",\"publisher\":{\"@id\":\"https:\/\/facegroovin.com\/#organization\"},\"potentialAction\":[{\"@type\":\"SearchAction\",\"target\":{\"@type\":\"EntryPoint\",\"urlTemplate\":\"https:\/\/facegroovin.com\/?s={search_term_string}\"},\"query-input\":{\"@type\":\"PropertyValueSpecification\",\"valueRequired\":true,\"valueName\":\"search_term_string\"}}],\"inLanguage\":\"en-US\"},{\"@type\":\"Organization\",\"@id\":\"https:\/\/facegroovin.com\/#organization\",\"name\":\"LifTone Sp. z o.o.\",\"url\":\"https:\/\/facegroovin.com\/\",\"logo\":{\"@type\":\"ImageObject\",\"inLanguage\":\"en-US\",\"@id\":\"https:\/\/facegroovin.com\/#\/schema\/logo\/image\/\",\"url\":\"https:\/\/facegroovin.com\/wp-content\/uploads\/2021\/02\/liftone-logo.png\",\"contentUrl\":\"https:\/\/facegroovin.com\/wp-content\/uploads\/2021\/02\/liftone-logo.png\",\"width\":572,\"height\":314,\"caption\":\"LifTone Sp. z o.o.\"},\"image\":{\"@id\":\"https:\/\/facegroovin.com\/#\/schema\/logo\/image\/\"},\"sameAs\":[\"https:\/\/www.facebook.com\/facegroovin\"]}]}<\/script>\n<!-- \/ Yoast SEO plugin. -->","yoast_head_json":{"title":"Szkolenia - zapis na Fg' Kobido - Facegroovin&#039; - aplikacja do \u0107wicze\u0144 twarzy i cia\u0142a","robots":{"index":"noindex","follow":"follow","max-snippet":"max-snippet:-1","max-image-preview":"max-image-preview:large","max-video-preview":"max-video-preview:-1"},"og_locale":"en_US","og_type":"article","og_title":"Szkolenia - zapis na Fg' Kobido - Facegroovin&#039; - aplikacja do \u0107wicze\u0144 twarzy i cia\u0142a","og_description":"Zapisz si\u0119 na szkolenie Fg&#8217; Workout","og_url":"https:\/\/facegroovin.com\/en\/opis-szkolenia-fg-kobido\/szkolenia-zapis-na-fg-kobido\/","og_site_name":"Facegroovin&#039; - aplikacja do \u0107wicze\u0144 twarzy i cia\u0142a","article_publisher":"https:\/\/www.facebook.com\/facegroovin","article_modified_time":"2024-01-15T12:21:34+00:00","twitter_card":"summary_large_image","twitter_misc":{"Est. reading time":"1 minute"},"schema":{"@context":"https:\/\/schema.org","@graph":[{"@type":"WebPage","@id":"https:\/\/facegroovin.com\/opis-szkolenia-fg-kobido\/szkolenia-zapis-na-fg-kobido\/","url":"https:\/\/facegroovin.com\/opis-szkolenia-fg-kobido\/szkolenia-zapis-na-fg-kobido\/","name":"Szkolenia - zapis na Fg' Kobido - Facegroovin&#039; - aplikacja do \u0107wicze\u0144 twarzy i cia\u0142a","isPartOf":{"@id":"https:\/\/facegroovin.com\/#website"},"datePublished":"2023-10-23T11:48:37+00:00","dateModified":"2024-01-15T12:21:34+00:00","breadcrumb":{"@id":"https:\/\/facegroovin.com\/opis-szkolenia-fg-kobido\/szkolenia-zapis-na-fg-kobido\/#breadcrumb"},"inLanguage":"en-US","potentialAction":[{"@type":"ReadAction","target":["https:\/\/facegroovin.com\/opis-szkolenia-fg-kobido\/szkolenia-zapis-na-fg-kobido\/"]}]},{"@type":"BreadcrumbList","@id":"https:\/\/facegroovin.com\/opis-szkolenia-fg-kobido\/szkolenia-zapis-na-fg-kobido\/#breadcrumb","itemListElement":[{"@type":"ListItem","position":1,"name":"Strona g\u0142\u00f3wna","item":"https:\/\/facegroovin.com\/"},{"@type":"ListItem","position":2,"name":"Opis szkolenia Fg&#8217; Kobido","item":"https:\/\/facegroovin.com\/?page_id=1113"},{"@type":"ListItem","position":3,"name":"Szkolenia &#8211; zapis na Fg&#8217; Kobido"}]},{"@type":"WebSite","@id":"https:\/\/facegroovin.com\/#website","url":"https:\/\/facegroovin.com\/","name":"Facegroovin' - najpi\u0119kniejsza muzyczna aplikacja do \u0107wicze\u0144, masa\u017cu twarzy i cia\u0142a.","description":"","publisher":{"@id":"https:\/\/facegroovin.com\/#organization"},"potentialAction":[{"@type":"SearchAction","target":{"@type":"EntryPoint","urlTemplate":"https:\/\/facegroovin.com\/?s={search_term_string}"},"query-input":{"@type":"PropertyValueSpecification","valueRequired":true,"valueName":"search_term_string"}}],"inLanguage":"en-US"},{"@type":"Organization","@id":"https:\/\/facegroovin.com\/#organization","name":"LifTone Sp. z o.o.","url":"https:\/\/facegroovin.com\/","logo":{"@type":"ImageObject","inLanguage":"en-US","@id":"https:\/\/facegroovin.com\/#\/schema\/logo\/image\/","url":"https:\/\/facegroovin.com\/wp-content\/uploads\/2021\/02\/liftone-logo.png","contentUrl":"https:\/\/facegroovin.com\/wp-content\/uploads\/2021\/02\/liftone-logo.png","width":572,"height":314,"caption":"LifTone Sp. z o.o."},"image":{"@id":"https:\/\/facegroovin.com\/#\/schema\/logo\/image\/"},"sameAs":["https:\/\/www.facebook.com\/facegroovin"]}]}},"_links":{"self":[{"href":"https:\/\/facegroovin.com\/en\/wp-json\/wp\/v2\/pages\/1066","targetHints":{"allow":["GET"]}}],"collection":[{"href":"https:\/\/facegroovin.com\/en\/wp-json\/wp\/v2\/pages"}],"about":[{"href":"https:\/\/facegroovin.com\/en\/wp-json\/wp\/v2\/types\/page"}],"author":[{"embeddable":true,"href":"https:\/\/facegroovin.com\/en\/wp-json\/wp\/v2\/users\/1"}],"replies":[{"embeddable":true,"href":"https:\/\/facegroovin.com\/en\/wp-json\/wp\/v2\/comments?post=1066"}],"version-history":[{"count":28,"href":"https:\/\/facegroovin.com\/en\/wp-json\/wp\/v2\/pages\/1066\/revisions"}],"predecessor-version":[{"id":1329,"href":"https:\/\/facegroovin.com\/en\/wp-json\/wp\/v2\/pages\/1066\/revisions\/1329"}],"up":[{"embeddable":true,"href":"https:\/\/facegroovin.com\/en\/wp-json\/wp\/v2\/pages\/1113"}],"wp:attachment":[{"href":"https:\/\/facegroovin.com\/en\/wp-json\/wp\/v2\/media?parent=1066"}],"curies":[{"name":"wp","href":"https:\/\/api.w.org\/{rel}","templated":true}]}}