{"id":649,"date":"2023-03-19T09:01:17","date_gmt":"2023-03-19T08:01:17","guid":{"rendered":"https:\/\/facegroovin.com\/kontakt-2\/"},"modified":"2024-10-07T14:53:43","modified_gmt":"2024-10-07T12:53:43","slug":"kontakt","status":"publish","type":"page","link":"https:\/\/facegroovin.com\/en\/kontakt\/","title":{"rendered":"Contact"},"content":{"rendered":"<div data-elementor-type=\"wp-page\" data-elementor-id=\"649\" class=\"elementor elementor-649\">\n\t\t\t\t\t\t<section class=\"elementor-section elementor-top-section elementor-element elementor-element-6ec7cf41 elementor-section-height-min-height elementor-section-boxed elementor-section-height-default elementor-section-items-middle\" data-id=\"6ec7cf41\" data-element_type=\"section\" data-settings=\"{&quot;background_background&quot;:&quot;classic&quot;}\">\n\t\t\t\t\t\t<div class=\"elementor-container elementor-column-gap-default\">\n\t\t\t\t\t<div class=\"elementor-column elementor-col-50 elementor-top-column elementor-element elementor-element-9b3791a\" data-id=\"9b3791a\" data-element_type=\"column\">\n\t\t\t<div class=\"elementor-widget-wrap elementor-element-populated\">\n\t\t\t\t\t\t<div class=\"elementor-element elementor-element-440adbf9 elementor-widget elementor-widget-heading\" data-id=\"440adbf9\" data-element_type=\"widget\" data-widget_type=\"heading.default\">\n\t\t\t\t<div class=\"elementor-widget-container\">\n\t\t\t<h2 class=\"elementor-heading-title elementor-size-default\">Contact us<\/h2>\t\t<\/div>\n\t\t\t\t<\/div>\n\t\t\t\t<div class=\"elementor-element elementor-element-76bd189a elementor-widget elementor-widget-text-editor\" data-id=\"76bd189a\" data-element_type=\"widget\" data-widget_type=\"text-editor.default\">\n\t\t\t\t<div class=\"elementor-widget-container\">\n\t\t\t\t\t\t\t<p>We'd love to hear from you. Feel free to write to us about anything \u2014 we're here for you :)<\/p>\t\t\t\t\t\t<\/div>\n\t\t\t\t<\/div>\n\t\t\t\t<div class=\"elementor-element elementor-element-36a632cd elementor-align-center elementor-widget elementor-widget-button\" data-id=\"36a632cd\" data-element_type=\"widget\" data-widget_type=\"button.default\">\n\t\t\t\t<div class=\"elementor-widget-container\">\n\t\t\t\t\t<div class=\"elementor-button-wrapper\">\n\t\t\t<a class=\"elementor-button elementor-button-link elementor-size-sm\" href=\"mailto:hello@facegroovin.com\">\n\t\t\t\t\t\t<span class=\"elementor-button-content-wrapper\">\n\t\t\t\t\t\t<span class=\"elementor-button-icon\">\n\t\t\t\t<i aria-hidden=\"true\" class=\"fas fa-envelope\"><\/i>\t\t\t<\/span>\n\t\t\t\t\t\t\t\t\t<span class=\"elementor-button-text\">hello@facegroovin.com<\/span>\n\t\t\t\t\t<\/span>\n\t\t\t\t\t<\/a>\n\t\t<\/div>\n\t\t\t\t<\/div>\n\t\t\t\t<\/div>\n\t\t\t\t\t<\/div>\n\t\t<\/div>\n\t\t\t\t<div class=\"elementor-column elementor-col-50 elementor-top-column elementor-element elementor-element-229e3f81\" data-id=\"229e3f81\" data-element_type=\"column\">\n\t\t\t<div class=\"elementor-widget-wrap elementor-element-populated\">\n\t\t\t\t\t\t<div class=\"elementor-element elementor-element-66de6e28 elementor-widget elementor-widget-image\" data-id=\"66de6e28\" data-element_type=\"widget\" data-widget_type=\"image.default\">\n\t\t\t\t<div class=\"elementor-widget-container\">\n\t\t\t\t\t\t\t\t\t\t\t\t\t<img fetchpriority=\"high\" decoding=\"async\" width=\"449\" height=\"673\" src=\"https:\/\/facegroovin.com\/wp-content\/uploads\/2023\/03\/200529_LiftUp_0352-removebg-preview-3.png\" class=\"attachment-large size-large wp-image-650\" alt=\"\" srcset=\"https:\/\/facegroovin.com\/wp-content\/uploads\/2023\/03\/200529_LiftUp_0352-removebg-preview-3.png 449w, https:\/\/facegroovin.com\/wp-content\/uploads\/2023\/03\/200529_LiftUp_0352-removebg-preview-3-200x300.png 200w\" sizes=\"(max-width: 449px) 100vw, 449px\" \/>\t\t\t\t\t\t\t\t\t\t\t\t\t<\/div>\n\t\t\t\t<\/div>\n\t\t\t\t\t<\/div>\n\t\t<\/div>\n\t\t\t\t\t<\/div>\n\t\t<\/section>\n\t\t\t\t<section class=\"elementor-section elementor-top-section elementor-element elementor-element-ab33d04 elementor-section-boxed elementor-section-height-default elementor-section-height-default\" data-id=\"ab33d04\" data-element_type=\"section\" data-settings=\"{&quot;background_background&quot;:&quot;classic&quot;}\">\n\t\t\t\t\t\t<div class=\"elementor-container elementor-column-gap-default\">\n\t\t\t\t\t<div class=\"elementor-column elementor-col-100 elementor-top-column elementor-element elementor-element-9edb855\" data-id=\"9edb855\" data-element_type=\"column\">\n\t\t\t<div class=\"elementor-widget-wrap\">\n\t\t\t\t\t\t\t<\/div>\n\t\t<\/div>\n\t\t\t\t\t<\/div>\n\t\t<\/section>\n\t\t\t\t<\/div>","protected":false},"excerpt":{"rendered":"<p>Skontaktuj si\u0119 z nami! Mi\u0142o Ci\u0119 widzie\u0107. Je\u015bli co\u015b Ci\u0119 ciekawi &#8211; pisz \u015bmia\u0142o, jeste\u015bmy tutaj dla Ciebie \ud83d\ude42 hello@facegroovin.com<\/p>","protected":false},"author":1,"featured_media":0,"parent":0,"menu_order":0,"comment_status":"closed","ping_status":"closed","template":"","meta":{"inline_featured_image":false,"footnotes":""},"class_list":["post-649","page","type-page","status-publish","hentry"],"yoast_head":"<!-- This site is optimized with the Yoast SEO plugin v23.5 - https:\/\/yoast.com\/wordpress\/plugins\/seo\/ -->\n<title>Kontakt - Facegroovin&#039; - aplikacja do \u0107wicze\u0144 twarzy i cia\u0142a<\/title>\n<meta name=\"robots\" content=\"noindex, follow, max-snippet:-1, max-image-preview:large, max-video-preview:-1\" \/>\n<meta property=\"og:locale\" content=\"en_US\" \/>\n<meta property=\"og:type\" content=\"article\" \/>\n<meta property=\"og:title\" content=\"Kontakt - Facegroovin&#039; - aplikacja do \u0107wicze\u0144 twarzy i cia\u0142a\" \/>\n<meta property=\"og:description\" content=\"Skontaktuj si\u0119 z nami! Mi\u0142o Ci\u0119 widzie\u0107. Je\u015bli co\u015b Ci\u0119 ciekawi &#8211; pisz \u015bmia\u0142o, jeste\u015bmy tutaj dla Ciebie \ud83d\ude42 hello@facegroovin.com\" \/>\n<meta property=\"og:url\" content=\"https:\/\/facegroovin.com\/en\/kontakt\/\" \/>\n<meta property=\"og:site_name\" content=\"Facegroovin&#039; - aplikacja do \u0107wicze\u0144 twarzy i cia\u0142a\" \/>\n<meta property=\"article:publisher\" content=\"https:\/\/www.facebook.com\/facegroovin\" \/>\n<meta property=\"article:modified_time\" content=\"2024-10-07T12:53:43+00:00\" \/>\n<meta property=\"og:image\" content=\"https:\/\/facegroovin.com\/wp-content\/uploads\/2023\/03\/200529_LiftUp_0352-removebg-preview-3.png\" \/>\n<meta name=\"twitter:card\" content=\"summary_large_image\" \/>\n<meta name=\"twitter:label1\" content=\"Est. reading time\" \/>\n\t<meta name=\"twitter:data1\" content=\"1 minute\" \/>\n<script type=\"application\/ld+json\" class=\"yoast-schema-graph\">{\"@context\":\"https:\/\/schema.org\",\"@graph\":[{\"@type\":\"WebPage\",\"@id\":\"https:\/\/facegroovin.com\/kontakt\/\",\"url\":\"https:\/\/facegroovin.com\/kontakt\/\",\"name\":\"Kontakt - Facegroovin&#039; - aplikacja do \u0107wicze\u0144 twarzy i cia\u0142a\",\"isPartOf\":{\"@id\":\"https:\/\/facegroovin.com\/#website\"},\"primaryImageOfPage\":{\"@id\":\"https:\/\/facegroovin.com\/kontakt\/#primaryimage\"},\"image\":{\"@id\":\"https:\/\/facegroovin.com\/kontakt\/#primaryimage\"},\"thumbnailUrl\":\"https:\/\/facegroovin.com\/wp-content\/uploads\/2023\/03\/200529_LiftUp_0352-removebg-preview-3.png\",\"datePublished\":\"2023-03-19T08:01:17+00:00\",\"dateModified\":\"2024-10-07T12:53:43+00:00\",\"breadcrumb\":{\"@id\":\"https:\/\/facegroovin.com\/kontakt\/#breadcrumb\"},\"inLanguage\":\"en-US\",\"potentialAction\":[{\"@type\":\"ReadAction\",\"target\":[\"https:\/\/facegroovin.com\/kontakt\/\"]}]},{\"@type\":\"ImageObject\",\"inLanguage\":\"en-US\",\"@id\":\"https:\/\/facegroovin.com\/kontakt\/#primaryimage\",\"url\":\"https:\/\/facegroovin.com\/wp-content\/uploads\/2023\/03\/200529_LiftUp_0352-removebg-preview-3.png\",\"contentUrl\":\"https:\/\/facegroovin.com\/wp-content\/uploads\/2023\/03\/200529_LiftUp_0352-removebg-preview-3.png\"},{\"@type\":\"BreadcrumbList\",\"@id\":\"https:\/\/facegroovin.com\/kontakt\/#breadcrumb\",\"itemListElement\":[{\"@type\":\"ListItem\",\"position\":1,\"name\":\"Strona g\u0142\u00f3wna\",\"item\":\"https:\/\/facegroovin.com\/\"},{\"@type\":\"ListItem\",\"position\":2,\"name\":\"Kontakt\"}]},{\"@type\":\"WebSite\",\"@id\":\"https:\/\/facegroovin.com\/#website\",\"url\":\"https:\/\/facegroovin.com\/\",\"name\":\"Facegroovin' - najpi\u0119kniejsza muzyczna aplikacja do \u0107wicze\u0144, masa\u017cu twarzy i cia\u0142a.\",\"description\":\"\",\"publisher\":{\"@id\":\"https:\/\/facegroovin.com\/#organization\"},\"potentialAction\":[{\"@type\":\"SearchAction\",\"target\":{\"@type\":\"EntryPoint\",\"urlTemplate\":\"https:\/\/facegroovin.com\/?s={search_term_string}\"},\"query-input\":{\"@type\":\"PropertyValueSpecification\",\"valueRequired\":true,\"valueName\":\"search_term_string\"}}],\"inLanguage\":\"en-US\"},{\"@type\":\"Organization\",\"@id\":\"https:\/\/facegroovin.com\/#organization\",\"name\":\"LifTone Sp. z o.o.\",\"url\":\"https:\/\/facegroovin.com\/\",\"logo\":{\"@type\":\"ImageObject\",\"inLanguage\":\"en-US\",\"@id\":\"https:\/\/facegroovin.com\/#\/schema\/logo\/image\/\",\"url\":\"https:\/\/facegroovin.com\/wp-content\/uploads\/2021\/02\/liftone-logo.png\",\"contentUrl\":\"https:\/\/facegroovin.com\/wp-content\/uploads\/2021\/02\/liftone-logo.png\",\"width\":572,\"height\":314,\"caption\":\"LifTone Sp. z o.o.\"},\"image\":{\"@id\":\"https:\/\/facegroovin.com\/#\/schema\/logo\/image\/\"},\"sameAs\":[\"https:\/\/www.facebook.com\/facegroovin\"]}]}<\/script>\n<!-- \/ Yoast SEO plugin. -->","yoast_head_json":{"title":"Kontakt - Facegroovin&#039; - aplikacja do \u0107wicze\u0144 twarzy i cia\u0142a","robots":{"index":"noindex","follow":"follow","max-snippet":"max-snippet:-1","max-image-preview":"max-image-preview:large","max-video-preview":"max-video-preview:-1"},"og_locale":"en_US","og_type":"article","og_title":"Kontakt - Facegroovin&#039; - aplikacja do \u0107wicze\u0144 twarzy i cia\u0142a","og_description":"Skontaktuj si\u0119 z nami! Mi\u0142o Ci\u0119 widzie\u0107. Je\u015bli co\u015b Ci\u0119 ciekawi &#8211; pisz \u015bmia\u0142o, jeste\u015bmy tutaj dla Ciebie \ud83d\ude42 hello@facegroovin.com","og_url":"https:\/\/facegroovin.com\/en\/kontakt\/","og_site_name":"Facegroovin&#039; - aplikacja do \u0107wicze\u0144 twarzy i cia\u0142a","article_publisher":"https:\/\/www.facebook.com\/facegroovin","article_modified_time":"2024-10-07T12:53:43+00:00","og_image":[{"url":"https:\/\/facegroovin.com\/wp-content\/uploads\/2023\/03\/200529_LiftUp_0352-removebg-preview-3.png"}],"twitter_card":"summary_large_image","twitter_misc":{"Est. reading time":"1 minute"},"schema":{"@context":"https:\/\/schema.org","@graph":[{"@type":"WebPage","@id":"https:\/\/facegroovin.com\/kontakt\/","url":"https:\/\/facegroovin.com\/kontakt\/","name":"Kontakt - Facegroovin&#039; - aplikacja do \u0107wicze\u0144 twarzy i cia\u0142a","isPartOf":{"@id":"https:\/\/facegroovin.com\/#website"},"primaryImageOfPage":{"@id":"https:\/\/facegroovin.com\/kontakt\/#primaryimage"},"image":{"@id":"https:\/\/facegroovin.com\/kontakt\/#primaryimage"},"thumbnailUrl":"https:\/\/facegroovin.com\/wp-content\/uploads\/2023\/03\/200529_LiftUp_0352-removebg-preview-3.png","datePublished":"2023-03-19T08:01:17+00:00","dateModified":"2024-10-07T12:53:43+00:00","breadcrumb":{"@id":"https:\/\/facegroovin.com\/kontakt\/#breadcrumb"},"inLanguage":"en-US","potentialAction":[{"@type":"ReadAction","target":["https:\/\/facegroovin.com\/kontakt\/"]}]},{"@type":"ImageObject","inLanguage":"en-US","@id":"https:\/\/facegroovin.com\/kontakt\/#primaryimage","url":"https:\/\/facegroovin.com\/wp-content\/uploads\/2023\/03\/200529_LiftUp_0352-removebg-preview-3.png","contentUrl":"https:\/\/facegroovin.com\/wp-content\/uploads\/2023\/03\/200529_LiftUp_0352-removebg-preview-3.png"},{"@type":"BreadcrumbList","@id":"https:\/\/facegroovin.com\/kontakt\/#breadcrumb","itemListElement":[{"@type":"ListItem","position":1,"name":"Strona g\u0142\u00f3wna","item":"https:\/\/facegroovin.com\/"},{"@type":"ListItem","position":2,"name":"Kontakt"}]},{"@type":"WebSite","@id":"https:\/\/facegroovin.com\/#website","url":"https:\/\/facegroovin.com\/","name":"Facegroovin' - najpi\u0119kniejsza muzyczna aplikacja do \u0107wicze\u0144, masa\u017cu twarzy i cia\u0142a.","description":"","publisher":{"@id":"https:\/\/facegroovin.com\/#organization"},"potentialAction":[{"@type":"SearchAction","target":{"@type":"EntryPoint","urlTemplate":"https:\/\/facegroovin.com\/?s={search_term_string}"},"query-input":{"@type":"PropertyValueSpecification","valueRequired":true,"valueName":"search_term_string"}}],"inLanguage":"en-US"},{"@type":"Organization","@id":"https:\/\/facegroovin.com\/#organization","name":"LifTone Sp. z o.o.","url":"https:\/\/facegroovin.com\/","logo":{"@type":"ImageObject","inLanguage":"en-US","@id":"https:\/\/facegroovin.com\/#\/schema\/logo\/image\/","url":"https:\/\/facegroovin.com\/wp-content\/uploads\/2021\/02\/liftone-logo.png","contentUrl":"https:\/\/facegroovin.com\/wp-content\/uploads\/2021\/02\/liftone-logo.png","width":572,"height":314,"caption":"LifTone Sp. z o.o."},"image":{"@id":"https:\/\/facegroovin.com\/#\/schema\/logo\/image\/"},"sameAs":["https:\/\/www.facebook.com\/facegroovin"]}]}},"_links":{"self":[{"href":"https:\/\/facegroovin.com\/en\/wp-json\/wp\/v2\/pages\/649","targetHints":{"allow":["GET"]}}],"collection":[{"href":"https:\/\/facegroovin.com\/en\/wp-json\/wp\/v2\/pages"}],"about":[{"href":"https:\/\/facegroovin.com\/en\/wp-json\/wp\/v2\/types\/page"}],"author":[{"embeddable":true,"href":"https:\/\/facegroovin.com\/en\/wp-json\/wp\/v2\/users\/1"}],"replies":[{"embeddable":true,"href":"https:\/\/facegroovin.com\/en\/wp-json\/wp\/v2\/comments?post=649"}],"version-history":[{"count":28,"href":"https:\/\/facegroovin.com\/en\/wp-json\/wp\/v2\/pages\/649\/revisions"}],"predecessor-version":[{"id":1412,"href":"https:\/\/facegroovin.com\/en\/wp-json\/wp\/v2\/pages\/649\/revisions\/1412"}],"wp:attachment":[{"href":"https:\/\/facegroovin.com\/en\/wp-json\/wp\/v2\/media?parent=649"}],"curies":[{"name":"wp","href":"https:\/\/api.w.org\/{rel}","templated":true}]}}