{"id":654,"date":"2023-03-19T09:01:18","date_gmt":"2023-03-19T08:01:18","guid":{"rendered":"https:\/\/facegroovin.com\/media-o-nas-2\/"},"modified":"2023-03-19T09:11:55","modified_gmt":"2023-03-19T08:11:55","slug":"media-o-nas","status":"publish","type":"page","link":"https:\/\/facegroovin.com\/en\/media-o-nas\/","title":{"rendered":"Media about us"},"content":{"rendered":"<div data-elementor-type=\"wp-page\" data-elementor-id=\"654\" class=\"elementor elementor-654\">\n\t\t\t\t\t\t<section class=\"elementor-section elementor-top-section elementor-element elementor-element-118cb8e9 elementor-section-boxed elementor-section-height-default elementor-section-height-default\" data-id=\"118cb8e9\" data-element_type=\"section\" data-settings=\"{&quot;background_background&quot;:&quot;classic&quot;}\">\n\t\t\t\t\t\t<div class=\"elementor-container elementor-column-gap-default\">\n\t\t\t\t\t<div class=\"elementor-column elementor-col-100 elementor-top-column elementor-element elementor-element-6de19dc8\" data-id=\"6de19dc8\" data-element_type=\"column\">\n\t\t\t<div class=\"elementor-widget-wrap elementor-element-populated\">\n\t\t\t\t\t\t<div class=\"elementor-element elementor-element-218595e5 elementor-widget elementor-widget-heading\" data-id=\"218595e5\" data-element_type=\"widget\" data-widget_type=\"heading.default\">\n\t\t\t\t<div class=\"elementor-widget-container\">\n\t\t\t<h2 class=\"elementor-heading-title elementor-size-default\">Media about us<\/h2>\t\t<\/div>\n\t\t\t\t<\/div>\n\t\t\t\t<div class=\"elementor-element elementor-element-6a4c11af elementor-widget elementor-widget-text-editor\" data-id=\"6a4c11af\" data-element_type=\"widget\" data-widget_type=\"text-editor.default\">\n\t\t\t\t<div class=\"elementor-widget-container\">\n\t\t\t\t\t\t\t<p>Sprawd\u017a co o nas pisz\u0105 media! To bardzo mi\u0142e, \u017ce kto\u015b docenia nasz\u0105 prac\u0119 i chce o nas pisa\u0107 :)!<\/p>\t\t\t\t\t\t<\/div>\n\t\t\t\t<\/div>\n\t\t\t\t\t<\/div>\n\t\t<\/div>\n\t\t\t\t\t<\/div>\n\t\t<\/section>\n\t\t\t\t<section class=\"elementor-section elementor-top-section elementor-element elementor-element-10fa4787 elementor-section-boxed elementor-section-height-default elementor-section-height-default\" data-id=\"10fa4787\" data-element_type=\"section\" data-settings=\"{&quot;background_background&quot;:&quot;classic&quot;}\">\n\t\t\t\t\t\t<div class=\"elementor-container elementor-column-gap-default\">\n\t\t\t\t\t<div class=\"elementor-column elementor-col-33 elementor-top-column elementor-element elementor-element-3c84c6d5\" data-id=\"3c84c6d5\" data-element_type=\"column\">\n\t\t\t<div class=\"elementor-widget-wrap elementor-element-populated\">\n\t\t\t\t\t\t<div class=\"elementor-element elementor-element-2587b12c elementor-widget elementor-widget-image\" data-id=\"2587b12c\" data-element_type=\"widget\" data-widget_type=\"image.default\">\n\t\t\t\t<div class=\"elementor-widget-container\">\n\t\t\t\t\t\t\t\t\t\t\t\t\t<img decoding=\"async\" src=\"https:\/\/facegroovin.com\/wp-content\/uploads\/elementor\/thumbs\/logo-q3qhgsnzaiyqd7djlg24s8tj0ny8sdkbwpwn4k7a8g.png\" title=\"logo.png\" alt=\"logo.png\" loading=\"lazy\" \/>\t\t\t\t\t\t\t\t\t\t\t\t\t<\/div>\n\t\t\t\t<\/div>\n\t\t\t\t<div class=\"elementor-element elementor-element-4d517192 elementor-widget elementor-widget-heading\" data-id=\"4d517192\" data-element_type=\"widget\" data-widget_type=\"heading.default\">\n\t\t\t\t<div class=\"elementor-widget-container\">\n\t\t\t<h2 class=\"elementor-heading-title elementor-size-default\">Top 5: kosmetyczne hity 2021 roku<\/h2>\t\t<\/div>\n\t\t\t\t<\/div>\n\t\t\t\t<div class=\"elementor-element elementor-element-5e8d5617 elementor-widget elementor-widget-text-editor\" data-id=\"5e8d5617\" data-element_type=\"widget\" data-widget_type=\"text-editor.default\">\n\t\t\t\t<div class=\"elementor-widget-container\">\n\t\t\t\t\t\t\t&#8222;Last but definitely not the least! Jedno z najwa\u017cniejszych odkry\u0107 2021 to salon Facegroovin\u2019. Wykonywane tam protoko\u0142y na pograniczu zabieg\u00f3w estetycznych i terapii napi\u0119\u0107 w ciele s\u0105 niesamowite. Owszem, moja wizyta to do\u015b\u0107 bolesne wspomnienia, ale przede wszystkim uleczone cia\u0142o i dusza.&#8221;\t\t\t\t\t\t<\/div>\n\t\t\t\t<\/div>\n\t\t\t\t<div class=\"elementor-element elementor-element-65a7c557 elementor-align-center elementor-widget elementor-widget-button\" data-id=\"65a7c557\" data-element_type=\"widget\" data-widget_type=\"button.default\">\n\t\t\t\t<div class=\"elementor-widget-container\">\n\t\t\t\t\t<div class=\"elementor-button-wrapper\">\n\t\t\t<a class=\"elementor-button elementor-button-link elementor-size-sm\" href=\"#\">\n\t\t\t\t\t\t<span class=\"elementor-button-content-wrapper\">\n\t\t\t\t\t\t<span class=\"elementor-button-icon\">\n\t\t\t\t<i aria-hidden=\"true\" class=\"fas fa-heart\"><\/i>\t\t\t<\/span>\n\t\t\t\t\t\t\t\t\t<span class=\"elementor-button-text\">Sprawd\u017a<\/span>\n\t\t\t\t\t<\/span>\n\t\t\t\t\t<\/a>\n\t\t<\/div>\n\t\t\t\t<\/div>\n\t\t\t\t<\/div>\n\t\t\t\t\t<\/div>\n\t\t<\/div>\n\t\t\t\t<div class=\"elementor-column elementor-col-33 elementor-top-column elementor-element elementor-element-1414fb55\" data-id=\"1414fb55\" data-element_type=\"column\">\n\t\t\t<div class=\"elementor-widget-wrap elementor-element-populated\">\n\t\t\t\t\t\t<div class=\"elementor-element elementor-element-50d6fb47 elementor-widget elementor-widget-image\" data-id=\"50d6fb47\" data-element_type=\"widget\" data-widget_type=\"image.default\">\n\t\t\t\t<div class=\"elementor-widget-container\">\n\t\t\t\t\t\t\t\t\t\t\t\t\t<img decoding=\"async\" src=\"https:\/\/facegroovin.com\/wp-content\/uploads\/elementor\/thumbs\/logo-q3qhgsnzaiyqd7djlg24s8tj0ny8sdkbwpwn4k7a8g.png\" title=\"logo.png\" alt=\"logo.png\" loading=\"lazy\" \/>\t\t\t\t\t\t\t\t\t\t\t\t\t<\/div>\n\t\t\t\t<\/div>\n\t\t\t\t<div class=\"elementor-element elementor-element-10ea9e65 elementor-widget elementor-widget-heading\" data-id=\"10ea9e65\" data-element_type=\"widget\" data-widget_type=\"heading.default\">\n\t\t\t\t<div class=\"elementor-widget-container\">\n\t\t\t<h2 class=\"elementor-heading-title elementor-size-default\">Facegroovin \u2013 spos\u00f3b na urod\u0119 z misj\u0105<\/h2>\t\t<\/div>\n\t\t\t\t<\/div>\n\t\t\t\t<div class=\"elementor-element elementor-element-39b1f851 elementor-widget elementor-widget-text-editor\" data-id=\"39b1f851\" data-element_type=\"widget\" data-widget_type=\"text-editor.default\">\n\t\t\t\t<div class=\"elementor-widget-container\">\n\t\t\t\t\t\t\t<p>&#8222;Kosmetyki to nie wszystko. Uroda zaczyna si\u0119 od prawid\u0142owej postawy i rozlu\u017anienia spi\u0119tych mi\u0119\u015bni. Facegroovin wie o tym, jak ma\u0142o kto i walczy o nasz\u0105 m\u0142odo\u015b\u0107. Sprawd\u017a na czym polega ta nowatorska metoda i co znajdziesz w gabinecie na Warszawskim Mokotowie.&#8221;<\/p>\t\t\t\t\t\t<\/div>\n\t\t\t\t<\/div>\n\t\t\t\t<div class=\"elementor-element elementor-element-59708f77 elementor-align-center elementor-widget elementor-widget-button\" data-id=\"59708f77\" data-element_type=\"widget\" data-widget_type=\"button.default\">\n\t\t\t\t<div class=\"elementor-widget-container\">\n\t\t\t\t\t<div class=\"elementor-button-wrapper\">\n\t\t\t<a class=\"elementor-button elementor-button-link elementor-size-sm\" href=\"#\">\n\t\t\t\t\t\t<span class=\"elementor-button-content-wrapper\">\n\t\t\t\t\t\t<span class=\"elementor-button-icon\">\n\t\t\t\t<i aria-hidden=\"true\" class=\"fas fa-heart\"><\/i>\t\t\t<\/span>\n\t\t\t\t\t\t\t\t\t<span class=\"elementor-button-text\">Sprawd\u017a<\/span>\n\t\t\t\t\t<\/span>\n\t\t\t\t\t<\/a>\n\t\t<\/div>\n\t\t\t\t<\/div>\n\t\t\t\t<\/div>\n\t\t\t\t\t<\/div>\n\t\t<\/div>\n\t\t\t\t<div class=\"elementor-column elementor-col-33 elementor-top-column elementor-element elementor-element-45120229\" data-id=\"45120229\" data-element_type=\"column\">\n\t\t\t<div class=\"elementor-widget-wrap elementor-element-populated\">\n\t\t\t\t\t\t<div class=\"elementor-element elementor-element-7dfe994b elementor-widget elementor-widget-image\" data-id=\"7dfe994b\" data-element_type=\"widget\" data-widget_type=\"image.default\">\n\t\t\t\t<div class=\"elementor-widget-container\">\n\t\t\t\t\t\t\t\t\t\t\t\t\t<img decoding=\"async\" src=\"https:\/\/facegroovin.com\/wp-content\/uploads\/elementor\/thumbs\/zwierciadlo-1-q3qhgsnzaiyqd7djlg24s8tj0ny8sdkbwpwn4k7a4u.png\" title=\"zwierciadlo-1.png\" alt=\"zwierciadlo-1.png\" loading=\"lazy\" \/>\t\t\t\t\t\t\t\t\t\t\t\t\t<\/div>\n\t\t\t\t<\/div>\n\t\t\t\t<div class=\"elementor-element elementor-element-7eb3ec8f elementor-widget elementor-widget-heading\" data-id=\"7eb3ec8f\" data-element_type=\"widget\" data-widget_type=\"heading.default\">\n\t\t\t\t<div class=\"elementor-widget-container\">\n\t\t\t<h2 class=\"elementor-heading-title elementor-size-default\">Uwolnij cia\u0142o od stresu \u2013 ruszaj si\u0119 i masuj<\/h2>\t\t<\/div>\n\t\t\t\t<\/div>\n\t\t\t\t<div class=\"elementor-element elementor-element-100a5114 elementor-widget elementor-widget-text-editor\" data-id=\"100a5114\" data-element_type=\"widget\" data-widget_type=\"text-editor.default\">\n\t\t\t\t<div class=\"elementor-widget-container\">\n\t\t\t\t\t\t\t<p>&#8222;Czujesz ten ci\u0119\u017car na barkach? Zaci\u015bni\u0119te szcz\u0119ki? Mo\u017ce nawet obola\u0142e cebulki w\u0142os\u00f3w? To stres daje ci si\u0119 we znaki. Ten, kt\u00f3rego nie da\u0142o si\u0119 wykrzycze\u0107 albo roz\u0142adowa\u0107 inaczej. O tym, co zrobi\u0107, aby odpu\u015bci\u0142 i poszed\u0142 sobie z cia\u0142a precz, rozmawiam z Edyt\u0105 Maksimowicz, terapeutk\u0105 twarzy, autork\u0105 metody Facegroovin&#8217; i trenerk\u0105 personaln\u0105.&#8221;<\/p>\t\t\t\t\t\t<\/div>\n\t\t\t\t<\/div>\n\t\t\t\t<div class=\"elementor-element elementor-element-502e43b7 elementor-align-center elementor-widget elementor-widget-button\" data-id=\"502e43b7\" data-element_type=\"widget\" data-widget_type=\"button.default\">\n\t\t\t\t<div class=\"elementor-widget-container\">\n\t\t\t\t\t<div class=\"elementor-button-wrapper\">\n\t\t\t<a class=\"elementor-button elementor-button-link elementor-size-sm\" href=\"#\">\n\t\t\t\t\t\t<span class=\"elementor-button-content-wrapper\">\n\t\t\t\t\t\t<span class=\"elementor-button-icon\">\n\t\t\t\t<i aria-hidden=\"true\" class=\"fas fa-heart\"><\/i>\t\t\t<\/span>\n\t\t\t\t\t\t\t\t\t<span class=\"elementor-button-text\">Sprawd\u017a<\/span>\n\t\t\t\t\t<\/span>\n\t\t\t\t\t<\/a>\n\t\t<\/div>\n\t\t\t\t<\/div>\n\t\t\t\t<\/div>\n\t\t\t\t\t<\/div>\n\t\t<\/div>\n\t\t\t\t\t<\/div>\n\t\t<\/section>\n\t\t\t\t<\/div>","protected":false},"excerpt":{"rendered":"<p>Media o nas Sprawd\u017a co o nas pisz\u0105 media! To bardzo mi\u0142e, \u017ce kto\u015b docenia nasz\u0105 prac\u0119 i chce o nas pisa\u0107 :)! Top 5: kosmetyczne hity 2021 roku &#8222;Last but definitely not the least! Jedno z najwa\u017cniejszych odkry\u0107 2021 to salon Facegroovin\u2019. Wykonywane tam protoko\u0142y na pograniczu zabieg\u00f3w estetycznych i terapii napi\u0119\u0107 w ciele [&hellip;]<\/p>","protected":false},"author":1,"featured_media":0,"parent":0,"menu_order":0,"comment_status":"closed","ping_status":"closed","template":"","meta":{"inline_featured_image":false,"footnotes":""},"class_list":["post-654","page","type-page","status-publish","hentry"],"yoast_head":"<!-- This site is optimized with the Yoast SEO plugin v23.5 - https:\/\/yoast.com\/wordpress\/plugins\/seo\/ -->\n<title>Media o nas - Facegroovin&#039; - aplikacja do \u0107wicze\u0144 twarzy i cia\u0142a<\/title>\n<meta name=\"robots\" content=\"noindex, follow, max-snippet:-1, max-image-preview:large, max-video-preview:-1\" \/>\n<meta property=\"og:locale\" content=\"en_US\" \/>\n<meta property=\"og:type\" content=\"article\" \/>\n<meta property=\"og:title\" content=\"Media o nas - Facegroovin&#039; - aplikacja do \u0107wicze\u0144 twarzy i cia\u0142a\" \/>\n<meta property=\"og:description\" content=\"Media o nas Sprawd\u017a co o nas pisz\u0105 media! To bardzo mi\u0142e, \u017ce kto\u015b docenia nasz\u0105 prac\u0119 i chce o nas pisa\u0107 :)! Top 5: kosmetyczne hity 2021 roku &#8222;Last but definitely not the least! Jedno z najwa\u017cniejszych odkry\u0107 2021 to salon Facegroovin\u2019. Wykonywane tam protoko\u0142y na pograniczu zabieg\u00f3w estetycznych i terapii napi\u0119\u0107 w ciele [&hellip;]\" \/>\n<meta property=\"og:url\" content=\"https:\/\/facegroovin.com\/en\/media-o-nas\/\" \/>\n<meta property=\"og:site_name\" content=\"Facegroovin&#039; - aplikacja do \u0107wicze\u0144 twarzy i cia\u0142a\" \/>\n<meta property=\"article:publisher\" content=\"https:\/\/www.facebook.com\/facegroovin\" \/>\n<meta property=\"article:modified_time\" content=\"2023-03-19T08:11:55+00:00\" \/>\n<meta property=\"og:image\" content=\"https:\/\/facegroovin.com\/wp-content\/uploads\/elementor\/thumbs\/logo-q3qhgsnzaiyqd7djlg24s8tj0ny8sdkbwpwn4k7a8g.png\" \/>\n<meta name=\"twitter:card\" content=\"summary_large_image\" \/>\n<meta name=\"twitter:label1\" content=\"Est. reading time\" \/>\n\t<meta name=\"twitter:data1\" content=\"1 minute\" \/>\n<script type=\"application\/ld+json\" class=\"yoast-schema-graph\">{\"@context\":\"https:\/\/schema.org\",\"@graph\":[{\"@type\":\"WebPage\",\"@id\":\"https:\/\/facegroovin.com\/media-o-nas\/\",\"url\":\"https:\/\/facegroovin.com\/media-o-nas\/\",\"name\":\"Media o nas - Facegroovin&#039; - aplikacja do \u0107wicze\u0144 twarzy i cia\u0142a\",\"isPartOf\":{\"@id\":\"https:\/\/facegroovin.com\/#website\"},\"primaryImageOfPage\":{\"@id\":\"https:\/\/facegroovin.com\/media-o-nas\/#primaryimage\"},\"image\":{\"@id\":\"https:\/\/facegroovin.com\/media-o-nas\/#primaryimage\"},\"thumbnailUrl\":\"https:\/\/facegroovin.com\/wp-content\/uploads\/elementor\/thumbs\/logo-q3qhgsnzaiyqd7djlg24s8tj0ny8sdkbwpwn4k7a8g.png\",\"datePublished\":\"2023-03-19T08:01:18+00:00\",\"dateModified\":\"2023-03-19T08:11:55+00:00\",\"breadcrumb\":{\"@id\":\"https:\/\/facegroovin.com\/media-o-nas\/#breadcrumb\"},\"inLanguage\":\"en-US\",\"potentialAction\":[{\"@type\":\"ReadAction\",\"target\":[\"https:\/\/facegroovin.com\/media-o-nas\/\"]}]},{\"@type\":\"ImageObject\",\"inLanguage\":\"en-US\",\"@id\":\"https:\/\/facegroovin.com\/media-o-nas\/#primaryimage\",\"url\":\"https:\/\/facegroovin.com\/wp-content\/uploads\/elementor\/thumbs\/logo-q3qhgsnzaiyqd7djlg24s8tj0ny8sdkbwpwn4k7a8g.png\",\"contentUrl\":\"https:\/\/facegroovin.com\/wp-content\/uploads\/elementor\/thumbs\/logo-q3qhgsnzaiyqd7djlg24s8tj0ny8sdkbwpwn4k7a8g.png\"},{\"@type\":\"BreadcrumbList\",\"@id\":\"https:\/\/facegroovin.com\/media-o-nas\/#breadcrumb\",\"itemListElement\":[{\"@type\":\"ListItem\",\"position\":1,\"name\":\"Strona g\u0142\u00f3wna\",\"item\":\"https:\/\/facegroovin.com\/\"},{\"@type\":\"ListItem\",\"position\":2,\"name\":\"Media o nas\"}]},{\"@type\":\"WebSite\",\"@id\":\"https:\/\/facegroovin.com\/#website\",\"url\":\"https:\/\/facegroovin.com\/\",\"name\":\"Facegroovin' - najpi\u0119kniejsza muzyczna aplikacja do \u0107wicze\u0144, masa\u017cu twarzy i cia\u0142a.\",\"description\":\"\",\"publisher\":{\"@id\":\"https:\/\/facegroovin.com\/#organization\"},\"potentialAction\":[{\"@type\":\"SearchAction\",\"target\":{\"@type\":\"EntryPoint\",\"urlTemplate\":\"https:\/\/facegroovin.com\/?s={search_term_string}\"},\"query-input\":{\"@type\":\"PropertyValueSpecification\",\"valueRequired\":true,\"valueName\":\"search_term_string\"}}],\"inLanguage\":\"en-US\"},{\"@type\":\"Organization\",\"@id\":\"https:\/\/facegroovin.com\/#organization\",\"name\":\"LifTone Sp. z o.o.\",\"url\":\"https:\/\/facegroovin.com\/\",\"logo\":{\"@type\":\"ImageObject\",\"inLanguage\":\"en-US\",\"@id\":\"https:\/\/facegroovin.com\/#\/schema\/logo\/image\/\",\"url\":\"https:\/\/facegroovin.com\/wp-content\/uploads\/2021\/02\/liftone-logo.png\",\"contentUrl\":\"https:\/\/facegroovin.com\/wp-content\/uploads\/2021\/02\/liftone-logo.png\",\"width\":572,\"height\":314,\"caption\":\"LifTone Sp. z o.o.\"},\"image\":{\"@id\":\"https:\/\/facegroovin.com\/#\/schema\/logo\/image\/\"},\"sameAs\":[\"https:\/\/www.facebook.com\/facegroovin\"]}]}<\/script>\n<!-- \/ Yoast SEO plugin. -->","yoast_head_json":{"title":"Media o nas - Facegroovin&#039; - aplikacja do \u0107wicze\u0144 twarzy i cia\u0142a","robots":{"index":"noindex","follow":"follow","max-snippet":"max-snippet:-1","max-image-preview":"max-image-preview:large","max-video-preview":"max-video-preview:-1"},"og_locale":"en_US","og_type":"article","og_title":"Media o nas - Facegroovin&#039; - aplikacja do \u0107wicze\u0144 twarzy i cia\u0142a","og_description":"Media o nas Sprawd\u017a co o nas pisz\u0105 media! To bardzo mi\u0142e, \u017ce kto\u015b docenia nasz\u0105 prac\u0119 i chce o nas pisa\u0107 :)! Top 5: kosmetyczne hity 2021 roku &#8222;Last but definitely not the least! Jedno z najwa\u017cniejszych odkry\u0107 2021 to salon Facegroovin\u2019. Wykonywane tam protoko\u0142y na pograniczu zabieg\u00f3w estetycznych i terapii napi\u0119\u0107 w ciele [&hellip;]","og_url":"https:\/\/facegroovin.com\/en\/media-o-nas\/","og_site_name":"Facegroovin&#039; - aplikacja do \u0107wicze\u0144 twarzy i cia\u0142a","article_publisher":"https:\/\/www.facebook.com\/facegroovin","article_modified_time":"2023-03-19T08:11:55+00:00","og_image":[{"url":"https:\/\/facegroovin.com\/wp-content\/uploads\/elementor\/thumbs\/logo-q3qhgsnzaiyqd7djlg24s8tj0ny8sdkbwpwn4k7a8g.png"}],"twitter_card":"summary_large_image","twitter_misc":{"Est. reading time":"1 minute"},"schema":{"@context":"https:\/\/schema.org","@graph":[{"@type":"WebPage","@id":"https:\/\/facegroovin.com\/media-o-nas\/","url":"https:\/\/facegroovin.com\/media-o-nas\/","name":"Media o nas - Facegroovin&#039; - aplikacja do \u0107wicze\u0144 twarzy i cia\u0142a","isPartOf":{"@id":"https:\/\/facegroovin.com\/#website"},"primaryImageOfPage":{"@id":"https:\/\/facegroovin.com\/media-o-nas\/#primaryimage"},"image":{"@id":"https:\/\/facegroovin.com\/media-o-nas\/#primaryimage"},"thumbnailUrl":"https:\/\/facegroovin.com\/wp-content\/uploads\/elementor\/thumbs\/logo-q3qhgsnzaiyqd7djlg24s8tj0ny8sdkbwpwn4k7a8g.png","datePublished":"2023-03-19T08:01:18+00:00","dateModified":"2023-03-19T08:11:55+00:00","breadcrumb":{"@id":"https:\/\/facegroovin.com\/media-o-nas\/#breadcrumb"},"inLanguage":"en-US","potentialAction":[{"@type":"ReadAction","target":["https:\/\/facegroovin.com\/media-o-nas\/"]}]},{"@type":"ImageObject","inLanguage":"en-US","@id":"https:\/\/facegroovin.com\/media-o-nas\/#primaryimage","url":"https:\/\/facegroovin.com\/wp-content\/uploads\/elementor\/thumbs\/logo-q3qhgsnzaiyqd7djlg24s8tj0ny8sdkbwpwn4k7a8g.png","contentUrl":"https:\/\/facegroovin.com\/wp-content\/uploads\/elementor\/thumbs\/logo-q3qhgsnzaiyqd7djlg24s8tj0ny8sdkbwpwn4k7a8g.png"},{"@type":"BreadcrumbList","@id":"https:\/\/facegroovin.com\/media-o-nas\/#breadcrumb","itemListElement":[{"@type":"ListItem","position":1,"name":"Strona g\u0142\u00f3wna","item":"https:\/\/facegroovin.com\/"},{"@type":"ListItem","position":2,"name":"Media o nas"}]},{"@type":"WebSite","@id":"https:\/\/facegroovin.com\/#website","url":"https:\/\/facegroovin.com\/","name":"Facegroovin' - najpi\u0119kniejsza muzyczna aplikacja do \u0107wicze\u0144, masa\u017cu twarzy i cia\u0142a.","description":"","publisher":{"@id":"https:\/\/facegroovin.com\/#organization"},"potentialAction":[{"@type":"SearchAction","target":{"@type":"EntryPoint","urlTemplate":"https:\/\/facegroovin.com\/?s={search_term_string}"},"query-input":{"@type":"PropertyValueSpecification","valueRequired":true,"valueName":"search_term_string"}}],"inLanguage":"en-US"},{"@type":"Organization","@id":"https:\/\/facegroovin.com\/#organization","name":"LifTone Sp. z o.o.","url":"https:\/\/facegroovin.com\/","logo":{"@type":"ImageObject","inLanguage":"en-US","@id":"https:\/\/facegroovin.com\/#\/schema\/logo\/image\/","url":"https:\/\/facegroovin.com\/wp-content\/uploads\/2021\/02\/liftone-logo.png","contentUrl":"https:\/\/facegroovin.com\/wp-content\/uploads\/2021\/02\/liftone-logo.png","width":572,"height":314,"caption":"LifTone Sp. z o.o."},"image":{"@id":"https:\/\/facegroovin.com\/#\/schema\/logo\/image\/"},"sameAs":["https:\/\/www.facebook.com\/facegroovin"]}]}},"_links":{"self":[{"href":"https:\/\/facegroovin.com\/en\/wp-json\/wp\/v2\/pages\/654","targetHints":{"allow":["GET"]}}],"collection":[{"href":"https:\/\/facegroovin.com\/en\/wp-json\/wp\/v2\/pages"}],"about":[{"href":"https:\/\/facegroovin.com\/en\/wp-json\/wp\/v2\/types\/page"}],"author":[{"embeddable":true,"href":"https:\/\/facegroovin.com\/en\/wp-json\/wp\/v2\/users\/1"}],"replies":[{"embeddable":true,"href":"https:\/\/facegroovin.com\/en\/wp-json\/wp\/v2\/comments?post=654"}],"version-history":[{"count":3,"href":"https:\/\/facegroovin.com\/en\/wp-json\/wp\/v2\/pages\/654\/revisions"}],"predecessor-version":[{"id":797,"href":"https:\/\/facegroovin.com\/en\/wp-json\/wp\/v2\/pages\/654\/revisions\/797"}],"wp:attachment":[{"href":"https:\/\/facegroovin.com\/en\/wp-json\/wp\/v2\/media?parent=654"}],"curies":[{"name":"wp","href":"https:\/\/api.w.org\/{rel}","templated":true}]}}