{"id":702,"date":"2023-03-19T09:01:20","date_gmt":"2023-03-19T08:01:20","guid":{"rendered":"https:\/\/facegroovin.com\/aplikacja-2\/"},"modified":"2023-08-12T15:01:39","modified_gmt":"2023-08-12T13:01:39","slug":"aplikacja","status":"publish","type":"page","link":"https:\/\/facegroovin.com\/en\/aplikacja\/","title":{"rendered":"App"},"content":{"rendered":"<div data-elementor-type=\"wp-page\" data-elementor-id=\"702\" class=\"elementor elementor-702\">\n\t\t\t\t\t\t<section class=\"elementor-section elementor-top-section elementor-element elementor-element-19c503a9 elementor-section-boxed elementor-section-height-default elementor-section-height-default\" data-id=\"19c503a9\" data-element_type=\"section\" data-settings=\"{&quot;background_background&quot;:&quot;classic&quot;}\">\n\t\t\t\t\t\t<div class=\"elementor-container elementor-column-gap-default\">\n\t\t\t\t\t<div class=\"elementor-column elementor-col-50 elementor-top-column elementor-element elementor-element-1d3a720d\" data-id=\"1d3a720d\" data-element_type=\"column\">\n\t\t\t<div class=\"elementor-widget-wrap elementor-element-populated\">\n\t\t\t\t\t\t<div class=\"elementor-element elementor-element-6956d635 elementor-widget elementor-widget-heading\" data-id=\"6956d635\" data-element_type=\"widget\" data-widget_type=\"heading.default\">\n\t\t\t\t<div class=\"elementor-widget-container\">\n\t\t\t<h2 class=\"elementor-heading-title elementor-size-default\">1. Install the app<\/h2>\t\t<\/div>\n\t\t\t\t<\/div>\n\t\t\t\t<div class=\"elementor-element elementor-element-509bcd40 elementor-widget elementor-widget-text-editor\" data-id=\"509bcd40\" data-element_type=\"widget\" data-widget_type=\"text-editor.default\">\n\t\t\t\t<div class=\"elementor-widget-container\">\n\t\t\t\t\t\t\t<p>You can do this on your phone, via Google Play (Android) or the App Store (iOS) \u2014 or simply click on the link below.<\/p>\t\t\t\t\t\t<\/div>\n\t\t\t\t<\/div>\n\t\t\t\t<section class=\"elementor-section elementor-inner-section elementor-element elementor-element-721117ed elementor-section-boxed elementor-section-height-default elementor-section-height-default\" data-id=\"721117ed\" data-element_type=\"section\">\n\t\t\t\t\t\t<div class=\"elementor-container elementor-column-gap-default\">\n\t\t\t\t\t<div class=\"elementor-column elementor-col-50 elementor-inner-column elementor-element elementor-element-3d3864a\" data-id=\"3d3864a\" data-element_type=\"column\">\n\t\t\t<div class=\"elementor-widget-wrap elementor-element-populated\">\n\t\t\t\t\t\t<div class=\"elementor-element elementor-element-50b9d16f elementor-widget elementor-widget-image\" data-id=\"50b9d16f\" data-element_type=\"widget\" data-widget_type=\"image.default\">\n\t\t\t\t<div class=\"elementor-widget-container\">\n\t\t\t\t\t\t\t\t\t\t\t\t\t\t<a href=\"https:\/\/play.google.com\/store\/apps\/details?id=pl.liftone.faceapp&#038;hl=pl&#038;gl=US\">\n\t\t\t\t\t\t\t<img decoding=\"async\" src=\"https:\/\/facegroovin.com\/wp-content\/uploads\/elementor\/thumbs\/liftone-googleplay-1-q3qhgujnffa4s54x9wfn7fqs2qjhqlivxbe59fc1ss.png\" title=\"liftone-googleplay-1.png\" alt=\"liftone-googleplay-1.png\" loading=\"lazy\" \/>\t\t\t\t\t\t\t\t<\/a>\n\t\t\t\t\t\t\t\t\t\t\t\t\t<\/div>\n\t\t\t\t<\/div>\n\t\t\t\t\t<\/div>\n\t\t<\/div>\n\t\t\t\t<div class=\"elementor-column elementor-col-50 elementor-inner-column elementor-element elementor-element-262965fa\" data-id=\"262965fa\" data-element_type=\"column\">\n\t\t\t<div class=\"elementor-widget-wrap elementor-element-populated\">\n\t\t\t\t\t\t<div class=\"elementor-element elementor-element-8f12c28 elementor-widget elementor-widget-image\" data-id=\"8f12c28\" data-element_type=\"widget\" data-widget_type=\"image.default\">\n\t\t\t\t<div class=\"elementor-widget-container\">\n\t\t\t\t\t\t\t\t\t\t\t\t\t\t<a href=\"https:\/\/apps.apple.com\/pl\/app\/facegroovin\/id1538915151\">\n\t\t\t\t\t\t\t<img decoding=\"async\" src=\"https:\/\/facegroovin.com\/wp-content\/uploads\/elementor\/thumbs\/liftone-appstore-1-1-q3qhgvhhm9bf3r3k4eu9rxi8o4euyamm9g1mqpanmu.png\" title=\"liftone-appstore-1-1.png\" alt=\"liftone-appstore-1-1.png\" loading=\"lazy\" \/>\t\t\t\t\t\t\t\t<\/a>\n\t\t\t\t\t\t\t\t\t\t\t\t\t<\/div>\n\t\t\t\t<\/div>\n\t\t\t\t\t<\/div>\n\t\t<\/div>\n\t\t\t\t\t<\/div>\n\t\t<\/section>\n\t\t\t\t\t<\/div>\n\t\t<\/div>\n\t\t\t\t<div class=\"elementor-column elementor-col-50 elementor-top-column elementor-element elementor-element-32905882\" data-id=\"32905882\" data-element_type=\"column\">\n\t\t\t<div class=\"elementor-widget-wrap elementor-element-populated\">\n\t\t\t\t\t\t<div class=\"elementor-element elementor-element-3b20b539 elementor-widget elementor-widget-image\" data-id=\"3b20b539\" data-element_type=\"widget\" data-widget_type=\"image.default\">\n\t\t\t\t<div class=\"elementor-widget-container\">\n\t\t\t\t\t\t\t\t\t\t\t\t\t<img decoding=\"async\" src=\"https:\/\/facegroovin.com\/wp-content\/uploads\/elementor\/thumbs\/4-q3qhgvhffblf3vnuhmynprc9852ee8as16eoftjvnk.png\" title=\"4.png\" alt=\"4.png\" loading=\"lazy\" \/>\t\t\t\t\t\t\t\t\t\t\t\t\t<\/div>\n\t\t\t\t<\/div>\n\t\t\t\t\t<\/div>\n\t\t<\/div>\n\t\t\t\t\t<\/div>\n\t\t<\/section>\n\t\t\t\t<section class=\"elementor-section elementor-top-section elementor-element elementor-element-57ebe950 elementor-reverse-tablet elementor-reverse-mobile elementor-section-boxed elementor-section-height-default elementor-section-height-default\" data-id=\"57ebe950\" data-element_type=\"section\" data-settings=\"{&quot;background_background&quot;:&quot;classic&quot;}\">\n\t\t\t\t\t\t<div class=\"elementor-container elementor-column-gap-default\">\n\t\t\t\t\t<div class=\"elementor-column elementor-col-50 elementor-top-column elementor-element elementor-element-60f74a22\" data-id=\"60f74a22\" data-element_type=\"column\">\n\t\t\t<div class=\"elementor-widget-wrap elementor-element-populated\">\n\t\t\t\t\t\t<div class=\"elementor-element elementor-element-25197262 elementor-widget elementor-widget-image\" data-id=\"25197262\" data-element_type=\"widget\" data-widget_type=\"image.default\">\n\t\t\t\t<div class=\"elementor-widget-container\">\n\t\t\t\t\t\t\t\t\t\t\t\t\t<img decoding=\"async\" src=\"https:\/\/facegroovin.com\/wp-content\/uploads\/elementor\/thumbs\/5-q3qhgvhffblf3vnuhmynprc9852ee8as16eoftjvnk.png\" title=\"5.png\" alt=\"5.png\" loading=\"lazy\" \/>\t\t\t\t\t\t\t\t\t\t\t\t\t<\/div>\n\t\t\t\t<\/div>\n\t\t\t\t\t<\/div>\n\t\t<\/div>\n\t\t\t\t<div class=\"elementor-column elementor-col-50 elementor-top-column elementor-element elementor-element-4caa3fe\" data-id=\"4caa3fe\" data-element_type=\"column\">\n\t\t\t<div class=\"elementor-widget-wrap elementor-element-populated\">\n\t\t\t\t\t\t<div class=\"elementor-element elementor-element-487b0fb0 elementor-widget elementor-widget-heading\" data-id=\"487b0fb0\" data-element_type=\"widget\" data-widget_type=\"heading.default\">\n\t\t\t\t<div class=\"elementor-widget-container\">\n\t\t\t<h2 class=\"elementor-heading-title elementor-size-default\">2. Answer a few questions<\/h2>\t\t<\/div>\n\t\t\t\t<\/div>\n\t\t\t\t<div class=\"elementor-element elementor-element-71696ed2 elementor-widget elementor-widget-text-editor\" data-id=\"71696ed2\" data-element_type=\"widget\" data-widget_type=\"text-editor.default\">\n\t\t\t\t<div class=\"elementor-widget-container\">\n\t\t\t\t\t\t\t<p>How much time do you want to devote? What's most important to you? What kind of music motivates you? We're all about your needs!<\/p>\t\t\t\t\t\t<\/div>\n\t\t\t\t<\/div>\n\t\t\t\t\t<\/div>\n\t\t<\/div>\n\t\t\t\t\t<\/div>\n\t\t<\/section>\n\t\t\t\t<section class=\"elementor-section elementor-top-section elementor-element elementor-element-66d63144 elementor-section-boxed elementor-section-height-default elementor-section-height-default\" data-id=\"66d63144\" data-element_type=\"section\" data-settings=\"{&quot;background_background&quot;:&quot;classic&quot;}\">\n\t\t\t\t\t\t<div class=\"elementor-container elementor-column-gap-default\">\n\t\t\t\t\t<div class=\"elementor-column elementor-col-50 elementor-top-column elementor-element elementor-element-1af914b6\" data-id=\"1af914b6\" data-element_type=\"column\">\n\t\t\t<div class=\"elementor-widget-wrap elementor-element-populated\">\n\t\t\t\t\t\t<div class=\"elementor-element elementor-element-25277afa elementor-widget elementor-widget-heading\" data-id=\"25277afa\" data-element_type=\"widget\" data-widget_type=\"heading.default\">\n\t\t\t\t<div class=\"elementor-widget-container\">\n\t\t\t<h2 class=\"elementor-heading-title elementor-size-default\">3. Time for your perfectly personalized training!<\/h2>\t\t<\/div>\n\t\t\t\t<\/div>\n\t\t\t\t<div class=\"elementor-element elementor-element-6e5ec0dc elementor-widget elementor-widget-text-editor\" data-id=\"6e5ec0dc\" data-element_type=\"widget\" data-widget_type=\"text-editor.default\">\n\t\t\t\t<div class=\"elementor-widget-container\">\n\t\t\t\t\t\t\t<p>Our advanced algorithm will select the best exercises (out of more than 200!) especially for you.<\/p>\t\t\t\t\t\t<\/div>\n\t\t\t\t<\/div>\n\t\t\t\t\t<\/div>\n\t\t<\/div>\n\t\t\t\t<div class=\"elementor-column elementor-col-50 elementor-top-column elementor-element elementor-element-31ccffd4\" data-id=\"31ccffd4\" data-element_type=\"column\">\n\t\t\t<div class=\"elementor-widget-wrap elementor-element-populated\">\n\t\t\t\t\t\t<div class=\"elementor-element elementor-element-653f619d elementor-widget elementor-widget-image\" data-id=\"653f619d\" data-element_type=\"widget\" data-widget_type=\"image.default\">\n\t\t\t\t<div class=\"elementor-widget-container\">\n\t\t\t\t\t\t\t\t\t\t\t\t\t<img decoding=\"async\" src=\"https:\/\/facegroovin.com\/wp-content\/uploads\/elementor\/thumbs\/6-q3qhgwf9m5mpfhmhc5daa93ptixrlxeidb25x3ihhc.png\" title=\"6.png\" alt=\"6.png\" loading=\"lazy\" \/>\t\t\t\t\t\t\t\t\t\t\t\t\t<\/div>\n\t\t\t\t<\/div>\n\t\t\t\t\t<\/div>\n\t\t<\/div>\n\t\t\t\t\t<\/div>\n\t\t<\/section>\n\t\t\t\t<section class=\"elementor-section elementor-top-section elementor-element elementor-element-7ddb61b3 elementor-reverse-tablet elementor-reverse-mobile elementor-section-boxed elementor-section-height-default elementor-section-height-default\" data-id=\"7ddb61b3\" data-element_type=\"section\" data-settings=\"{&quot;background_background&quot;:&quot;classic&quot;}\">\n\t\t\t\t\t\t<div class=\"elementor-container elementor-column-gap-default\">\n\t\t\t\t\t<div class=\"elementor-column elementor-col-50 elementor-top-column elementor-element elementor-element-66985d52\" data-id=\"66985d52\" data-element_type=\"column\">\n\t\t\t<div class=\"elementor-widget-wrap elementor-element-populated\">\n\t\t\t\t\t\t<div class=\"elementor-element elementor-element-2ee6e38b elementor-widget elementor-widget-image\" data-id=\"2ee6e38b\" data-element_type=\"widget\" data-widget_type=\"image.default\">\n\t\t\t\t<div class=\"elementor-widget-container\">\n\t\t\t\t\t\t\t\t\t\t\t\t\t<img decoding=\"async\" src=\"https:\/\/facegroovin.com\/wp-content\/uploads\/elementor\/thumbs\/7-q3qhgwf9m5mpfhmhc5daa93ptixrlxeidb25x3ihhc.png\" title=\"7.png\" alt=\"7.png\" loading=\"lazy\" \/>\t\t\t\t\t\t\t\t\t\t\t\t\t<\/div>\n\t\t\t\t<\/div>\n\t\t\t\t\t<\/div>\n\t\t<\/div>\n\t\t\t\t<div class=\"elementor-column elementor-col-50 elementor-top-column elementor-element elementor-element-f34c7e7\" data-id=\"f34c7e7\" data-element_type=\"column\">\n\t\t\t<div class=\"elementor-widget-wrap elementor-element-populated\">\n\t\t\t\t\t\t<div class=\"elementor-element elementor-element-5ea25dca elementor-widget elementor-widget-heading\" data-id=\"5ea25dca\" data-element_type=\"widget\" data-widget_type=\"heading.default\">\n\t\t\t\t<div class=\"elementor-widget-container\">\n\t\t\t<h2 class=\"elementor-heading-title elementor-size-default\">4. And that's not all...<\/h2>\t\t<\/div>\n\t\t\t\t<\/div>\n\t\t\t\t<div class=\"elementor-element elementor-element-666967e3 elementor-widget elementor-widget-text-editor\" data-id=\"666967e3\" data-element_type=\"widget\" data-widget_type=\"text-editor.default\">\n\t\t\t\t<div class=\"elementor-widget-container\">\n\t\t\t\t\t\t\t<p>Move to the rhythm of your favorite hits, relax with mindfulness programs, or take advantage of our voice-only sessions, which you can do anywhere (even when you're stuck in traffic!). Check out our spoon massages and other training sessions straight from our studio (coming soon!). Explore what we've selected just for you \u2014 and collect your favorite workouts!<\/p>\t\t\t\t\t\t<\/div>\n\t\t\t\t<\/div>\n\t\t\t\t\t<\/div>\n\t\t<\/div>\n\t\t\t\t\t<\/div>\n\t\t<\/section>\n\t\t\t\t<\/div>","protected":false},"excerpt":{"rendered":"<p>1. Instalujesz aplikacj\u0119 Mo\u017cesz to zrobi\u0107 z poziomu swojego telefonu, odwiedzaj\u0105c Google Play (Android) lub Appstore (iOS), albo klikn\u0105\u0107 w poni\u017csze linki. 2. Wype\u0142niasz prost\u0105 ankiet\u0119 Ile czasu chcesz po\u015bwi\u0119ci\u0107 na \u0107wiczenia? Na czym najbardziej Ci zale\u017cy? Jaka muzyka Ci\u0119 motywuje? Chcemy wiedzie\u0107 wszystko o Twoich potrzebach! 3. Otrzymujesz idealny trening personalny&#8230; Zaawansowany algorytm wybierze [&hellip;]<\/p>","protected":false},"author":1,"featured_media":0,"parent":0,"menu_order":0,"comment_status":"closed","ping_status":"closed","template":"","meta":{"inline_featured_image":false,"footnotes":""},"class_list":["post-702","page","type-page","status-publish","hentry"],"yoast_head":"<!-- This site is optimized with the Yoast SEO plugin v23.5 - https:\/\/yoast.com\/wordpress\/plugins\/seo\/ -->\n<title>Aplikacja - Facegroovin&#039; - aplikacja do \u0107wicze\u0144 twarzy i cia\u0142a<\/title>\n<meta name=\"robots\" content=\"noindex, follow, max-snippet:-1, max-image-preview:large, max-video-preview:-1\" \/>\n<meta property=\"og:locale\" content=\"en_US\" \/>\n<meta property=\"og:type\" content=\"article\" \/>\n<meta property=\"og:title\" content=\"Aplikacja - Facegroovin&#039; - aplikacja do \u0107wicze\u0144 twarzy i cia\u0142a\" \/>\n<meta property=\"og:description\" content=\"1. Instalujesz aplikacj\u0119 Mo\u017cesz to zrobi\u0107 z poziomu swojego telefonu, odwiedzaj\u0105c Google Play (Android) lub Appstore (iOS), albo klikn\u0105\u0107 w poni\u017csze linki. 2. Wype\u0142niasz prost\u0105 ankiet\u0119 Ile czasu chcesz po\u015bwi\u0119ci\u0107 na \u0107wiczenia? Na czym najbardziej Ci zale\u017cy? Jaka muzyka Ci\u0119 motywuje? Chcemy wiedzie\u0107 wszystko o Twoich potrzebach! 3. Otrzymujesz idealny trening personalny&#8230; Zaawansowany algorytm wybierze [&hellip;]\" \/>\n<meta property=\"og:url\" content=\"https:\/\/facegroovin.com\/en\/aplikacja\/\" \/>\n<meta property=\"og:site_name\" content=\"Facegroovin&#039; - aplikacja do \u0107wicze\u0144 twarzy i cia\u0142a\" \/>\n<meta property=\"article:publisher\" content=\"https:\/\/www.facebook.com\/facegroovin\" \/>\n<meta property=\"article:modified_time\" content=\"2023-08-12T13:01:39+00:00\" \/>\n<meta property=\"og:image\" content=\"https:\/\/facegroovin.com\/wp-content\/uploads\/elementor\/thumbs\/liftone-googleplay-1-q3qhgujnffa4s54x9wfn7fqs2qjhqlivxbe59fc1ss.png\" \/>\n<meta name=\"twitter:card\" content=\"summary_large_image\" \/>\n<meta name=\"twitter:label1\" content=\"Est. reading time\" \/>\n\t<meta name=\"twitter:data1\" content=\"2 minutes\" \/>\n<script type=\"application\/ld+json\" class=\"yoast-schema-graph\">{\"@context\":\"https:\/\/schema.org\",\"@graph\":[{\"@type\":\"WebPage\",\"@id\":\"https:\/\/facegroovin.com\/aplikacja\/\",\"url\":\"https:\/\/facegroovin.com\/aplikacja\/\",\"name\":\"Aplikacja - Facegroovin&#039; - aplikacja do \u0107wicze\u0144 twarzy i cia\u0142a\",\"isPartOf\":{\"@id\":\"https:\/\/facegroovin.com\/#website\"},\"primaryImageOfPage\":{\"@id\":\"https:\/\/facegroovin.com\/aplikacja\/#primaryimage\"},\"image\":{\"@id\":\"https:\/\/facegroovin.com\/aplikacja\/#primaryimage\"},\"thumbnailUrl\":\"https:\/\/facegroovin.com\/wp-content\/uploads\/elementor\/thumbs\/liftone-googleplay-1-q3qhgujnffa4s54x9wfn7fqs2qjhqlivxbe59fc1ss.png\",\"datePublished\":\"2023-03-19T08:01:20+00:00\",\"dateModified\":\"2023-08-12T13:01:39+00:00\",\"breadcrumb\":{\"@id\":\"https:\/\/facegroovin.com\/aplikacja\/#breadcrumb\"},\"inLanguage\":\"en-US\",\"potentialAction\":[{\"@type\":\"ReadAction\",\"target\":[\"https:\/\/facegroovin.com\/aplikacja\/\"]}]},{\"@type\":\"ImageObject\",\"inLanguage\":\"en-US\",\"@id\":\"https:\/\/facegroovin.com\/aplikacja\/#primaryimage\",\"url\":\"https:\/\/facegroovin.com\/wp-content\/uploads\/elementor\/thumbs\/liftone-googleplay-1-q3qhgujnffa4s54x9wfn7fqs2qjhqlivxbe59fc1ss.png\",\"contentUrl\":\"https:\/\/facegroovin.com\/wp-content\/uploads\/elementor\/thumbs\/liftone-googleplay-1-q3qhgujnffa4s54x9wfn7fqs2qjhqlivxbe59fc1ss.png\"},{\"@type\":\"BreadcrumbList\",\"@id\":\"https:\/\/facegroovin.com\/aplikacja\/#breadcrumb\",\"itemListElement\":[{\"@type\":\"ListItem\",\"position\":1,\"name\":\"Strona g\u0142\u00f3wna\",\"item\":\"https:\/\/facegroovin.com\/\"},{\"@type\":\"ListItem\",\"position\":2,\"name\":\"Aplikacja\"}]},{\"@type\":\"WebSite\",\"@id\":\"https:\/\/facegroovin.com\/#website\",\"url\":\"https:\/\/facegroovin.com\/\",\"name\":\"Facegroovin' - najpi\u0119kniejsza muzyczna aplikacja do \u0107wicze\u0144, masa\u017cu twarzy i cia\u0142a.\",\"description\":\"\",\"publisher\":{\"@id\":\"https:\/\/facegroovin.com\/#organization\"},\"potentialAction\":[{\"@type\":\"SearchAction\",\"target\":{\"@type\":\"EntryPoint\",\"urlTemplate\":\"https:\/\/facegroovin.com\/?s={search_term_string}\"},\"query-input\":{\"@type\":\"PropertyValueSpecification\",\"valueRequired\":true,\"valueName\":\"search_term_string\"}}],\"inLanguage\":\"en-US\"},{\"@type\":\"Organization\",\"@id\":\"https:\/\/facegroovin.com\/#organization\",\"name\":\"LifTone Sp. z o.o.\",\"url\":\"https:\/\/facegroovin.com\/\",\"logo\":{\"@type\":\"ImageObject\",\"inLanguage\":\"en-US\",\"@id\":\"https:\/\/facegroovin.com\/#\/schema\/logo\/image\/\",\"url\":\"https:\/\/facegroovin.com\/wp-content\/uploads\/2021\/02\/liftone-logo.png\",\"contentUrl\":\"https:\/\/facegroovin.com\/wp-content\/uploads\/2021\/02\/liftone-logo.png\",\"width\":572,\"height\":314,\"caption\":\"LifTone Sp. z o.o.\"},\"image\":{\"@id\":\"https:\/\/facegroovin.com\/#\/schema\/logo\/image\/\"},\"sameAs\":[\"https:\/\/www.facebook.com\/facegroovin\"]}]}<\/script>\n<!-- \/ Yoast SEO plugin. -->","yoast_head_json":{"title":"Aplikacja - Facegroovin&#039; - aplikacja do \u0107wicze\u0144 twarzy i cia\u0142a","robots":{"index":"noindex","follow":"follow","max-snippet":"max-snippet:-1","max-image-preview":"max-image-preview:large","max-video-preview":"max-video-preview:-1"},"og_locale":"en_US","og_type":"article","og_title":"Aplikacja - Facegroovin&#039; - aplikacja do \u0107wicze\u0144 twarzy i cia\u0142a","og_description":"1. Instalujesz aplikacj\u0119 Mo\u017cesz to zrobi\u0107 z poziomu swojego telefonu, odwiedzaj\u0105c Google Play (Android) lub Appstore (iOS), albo klikn\u0105\u0107 w poni\u017csze linki. 2. Wype\u0142niasz prost\u0105 ankiet\u0119 Ile czasu chcesz po\u015bwi\u0119ci\u0107 na \u0107wiczenia? Na czym najbardziej Ci zale\u017cy? Jaka muzyka Ci\u0119 motywuje? Chcemy wiedzie\u0107 wszystko o Twoich potrzebach! 3. Otrzymujesz idealny trening personalny&#8230; Zaawansowany algorytm wybierze [&hellip;]","og_url":"https:\/\/facegroovin.com\/en\/aplikacja\/","og_site_name":"Facegroovin&#039; - aplikacja do \u0107wicze\u0144 twarzy i cia\u0142a","article_publisher":"https:\/\/www.facebook.com\/facegroovin","article_modified_time":"2023-08-12T13:01:39+00:00","og_image":[{"url":"https:\/\/facegroovin.com\/wp-content\/uploads\/elementor\/thumbs\/liftone-googleplay-1-q3qhgujnffa4s54x9wfn7fqs2qjhqlivxbe59fc1ss.png"}],"twitter_card":"summary_large_image","twitter_misc":{"Est. reading time":"2 minutes"},"schema":{"@context":"https:\/\/schema.org","@graph":[{"@type":"WebPage","@id":"https:\/\/facegroovin.com\/aplikacja\/","url":"https:\/\/facegroovin.com\/aplikacja\/","name":"Aplikacja - Facegroovin&#039; - aplikacja do \u0107wicze\u0144 twarzy i cia\u0142a","isPartOf":{"@id":"https:\/\/facegroovin.com\/#website"},"primaryImageOfPage":{"@id":"https:\/\/facegroovin.com\/aplikacja\/#primaryimage"},"image":{"@id":"https:\/\/facegroovin.com\/aplikacja\/#primaryimage"},"thumbnailUrl":"https:\/\/facegroovin.com\/wp-content\/uploads\/elementor\/thumbs\/liftone-googleplay-1-q3qhgujnffa4s54x9wfn7fqs2qjhqlivxbe59fc1ss.png","datePublished":"2023-03-19T08:01:20+00:00","dateModified":"2023-08-12T13:01:39+00:00","breadcrumb":{"@id":"https:\/\/facegroovin.com\/aplikacja\/#breadcrumb"},"inLanguage":"en-US","potentialAction":[{"@type":"ReadAction","target":["https:\/\/facegroovin.com\/aplikacja\/"]}]},{"@type":"ImageObject","inLanguage":"en-US","@id":"https:\/\/facegroovin.com\/aplikacja\/#primaryimage","url":"https:\/\/facegroovin.com\/wp-content\/uploads\/elementor\/thumbs\/liftone-googleplay-1-q3qhgujnffa4s54x9wfn7fqs2qjhqlivxbe59fc1ss.png","contentUrl":"https:\/\/facegroovin.com\/wp-content\/uploads\/elementor\/thumbs\/liftone-googleplay-1-q3qhgujnffa4s54x9wfn7fqs2qjhqlivxbe59fc1ss.png"},{"@type":"BreadcrumbList","@id":"https:\/\/facegroovin.com\/aplikacja\/#breadcrumb","itemListElement":[{"@type":"ListItem","position":1,"name":"Strona g\u0142\u00f3wna","item":"https:\/\/facegroovin.com\/"},{"@type":"ListItem","position":2,"name":"Aplikacja"}]},{"@type":"WebSite","@id":"https:\/\/facegroovin.com\/#website","url":"https:\/\/facegroovin.com\/","name":"Facegroovin' - najpi\u0119kniejsza muzyczna aplikacja do \u0107wicze\u0144, masa\u017cu twarzy i cia\u0142a.","description":"","publisher":{"@id":"https:\/\/facegroovin.com\/#organization"},"potentialAction":[{"@type":"SearchAction","target":{"@type":"EntryPoint","urlTemplate":"https:\/\/facegroovin.com\/?s={search_term_string}"},"query-input":{"@type":"PropertyValueSpecification","valueRequired":true,"valueName":"search_term_string"}}],"inLanguage":"en-US"},{"@type":"Organization","@id":"https:\/\/facegroovin.com\/#organization","name":"LifTone Sp. z o.o.","url":"https:\/\/facegroovin.com\/","logo":{"@type":"ImageObject","inLanguage":"en-US","@id":"https:\/\/facegroovin.com\/#\/schema\/logo\/image\/","url":"https:\/\/facegroovin.com\/wp-content\/uploads\/2021\/02\/liftone-logo.png","contentUrl":"https:\/\/facegroovin.com\/wp-content\/uploads\/2021\/02\/liftone-logo.png","width":572,"height":314,"caption":"LifTone Sp. z o.o."},"image":{"@id":"https:\/\/facegroovin.com\/#\/schema\/logo\/image\/"},"sameAs":["https:\/\/www.facebook.com\/facegroovin"]}]}},"_links":{"self":[{"href":"https:\/\/facegroovin.com\/en\/wp-json\/wp\/v2\/pages\/702","targetHints":{"allow":["GET"]}}],"collection":[{"href":"https:\/\/facegroovin.com\/en\/wp-json\/wp\/v2\/pages"}],"about":[{"href":"https:\/\/facegroovin.com\/en\/wp-json\/wp\/v2\/types\/page"}],"author":[{"embeddable":true,"href":"https:\/\/facegroovin.com\/en\/wp-json\/wp\/v2\/users\/1"}],"replies":[{"embeddable":true,"href":"https:\/\/facegroovin.com\/en\/wp-json\/wp\/v2\/comments?post=702"}],"version-history":[{"count":21,"href":"https:\/\/facegroovin.com\/en\/wp-json\/wp\/v2\/pages\/702\/revisions"}],"predecessor-version":[{"id":1062,"href":"https:\/\/facegroovin.com\/en\/wp-json\/wp\/v2\/pages\/702\/revisions\/1062"}],"wp:attachment":[{"href":"https:\/\/facegroovin.com\/en\/wp-json\/wp\/v2\/media?parent=702"}],"curies":[{"name":"wp","href":"https:\/\/api.w.org\/{rel}","templated":true}]}}